{"id":1396,"date":"2025-11-10T14:11:17","date_gmt":"2025-11-10T14:11:17","guid":{"rendered":"https:\/\/recruiter.staffsante.fr\/?page_id=1396"},"modified":"2025-12-15T10:23:17","modified_gmt":"2025-12-15T10:23:17","slug":"demande-de-support","status":"publish","type":"page","link":"https:\/\/www.staffsante.fr\/espace-recruteurs\/demande-de-support\/","title":{"rendered":"Demande de support"},"content":{"rendered":"<div class=\"fusion-fullwidth fullwidth-box fusion-builder-row-1 fusion-flex-container has-pattern-background has-mask-background nonhundred-percent-fullwidth non-hundred-percent-height-scrolling\" style=\"--awb-border-radius-top-left:0px;--awb-border-radius-top-right:0px;--awb-border-radius-bottom-right:0px;--awb-border-radius-bottom-left:0px;--awb-margin-top:20px;--awb-flex-wrap:wrap;\" ><div class=\"fusion-builder-row fusion-row fusion-flex-align-items-flex-start fusion-flex-content-wrap\" style=\"max-width:1320.8px;margin-left: calc(-4% \/ 2 );margin-right: calc(-4% \/ 2 );\"><div class=\"fusion-layout-column fusion_builder_column fusion-builder-column-0 fusion_builder_column_2_5 2_5 fusion-flex-column\" style=\"--awb-bg-size:cover;--awb-width-large:40%;--awb-margin-top-large:0px;--awb-spacing-right-large:16.8%;--awb-margin-bottom-large:20px;--awb-spacing-left-large:4.8%;--awb-width-medium:40%;--awb-order-medium:0;--awb-spacing-right-medium:16.8%;--awb-spacing-left-medium:4.8%;--awb-width-small:100%;--awb-order-small:0;--awb-spacing-right-small:20px;--awb-spacing-left-small:1.92%;\" data-scroll-devices=\"small-visibility,medium-visibility,large-visibility\"><div class=\"fusion-column-wrapper fusion-column-has-shadow fusion-flex-justify-content-flex-start fusion-content-layout-column\"><div class=\"fusion-image-element \" style=\"--awb-caption-title-font-family:var(--h2_typography-font-family);--awb-caption-title-font-weight:var(--h2_typography-font-weight);--awb-caption-title-font-style:var(--h2_typography-font-style);--awb-caption-title-size:var(--h2_typography-font-size);--awb-caption-title-transform:var(--h2_typography-text-transform);--awb-caption-title-line-height:var(--h2_typography-line-height);--awb-caption-title-letter-spacing:var(--h2_typography-letter-spacing);\"><span class=\" fusion-imageframe imageframe-none imageframe-1 hover-type-none\" style=\"border-radius:10px;\"><img decoding=\"async\" width=\"2000\" height=\"1333\" alt=\"\u00e9quipe support staffsant\u00e9\" title=\"Hospimedia-2000-01\" src=\"https:\/\/www.staffsante.fr\/espace-recruteurs\/wp-content\/uploads\/2025\/11\/Hospimedia-2000-01.jpg\" class=\"img-responsive wp-image-1402\" srcset=\"https:\/\/www.staffsante.fr\/espace-recruteurs\/wp-content\/uploads\/2025\/11\/Hospimedia-2000-01-200x133.jpg 200w, https:\/\/www.staffsante.fr\/espace-recruteurs\/wp-content\/uploads\/2025\/11\/Hospimedia-2000-01-400x267.jpg 400w, https:\/\/www.staffsante.fr\/espace-recruteurs\/wp-content\/uploads\/2025\/11\/Hospimedia-2000-01-600x400.jpg 600w, https:\/\/www.staffsante.fr\/espace-recruteurs\/wp-content\/uploads\/2025\/11\/Hospimedia-2000-01-800x533.jpg 800w, https:\/\/www.staffsante.fr\/espace-recruteurs\/wp-content\/uploads\/2025\/11\/Hospimedia-2000-01-1200x800.jpg 1200w, https:\/\/www.staffsante.fr\/espace-recruteurs\/wp-content\/uploads\/2025\/11\/Hospimedia-2000-01.jpg 2000w\" sizes=\"(max-width: 640px) 100vw, 600px\" \/><\/span><\/div><div class=\"fusion-text fusion-text-1\" style=\"--awb-margin-top:15px;\"><p>Vous avez des questions pour r\u00e9diger ou mettre en ligne vos offres ? Laissez nous vos coordonn\u00e9es, notre \u00e9quipe support va vous contacter rapidement.<\/p>\n<p>Vous pouvez aussi nous appeler au 03.20.16.38.68 ou nous \u00e9crire par mail jerecrute@hospimedia-groupe.fr.<\/p>\n<\/div><\/div><\/div><div class=\"fusion-layout-column fusion_builder_column fusion-builder-column-1 fusion_builder_column_3_5 3_5 fusion-flex-column\" style=\"--awb-padding-top:40px;--awb-padding-right:40px;--awb-padding-bottom:40px;--awb-padding-left:40px;--awb-overflow:hidden;--awb-bg-color:var(--awb-color2);--awb-bg-color-hover:var(--awb-color2);--awb-bg-size:cover;--awb-border-radius:20px 20px 20px 20px;--awb-width-large:60%;--awb-margin-top-large:0px;--awb-spacing-right-large:3.2%;--awb-margin-bottom-large:20px;--awb-spacing-left-large:16%;--awb-width-medium:60%;--awb-order-medium:0;--awb-spacing-right-medium:3.2%;--awb-spacing-left-medium:16%;--awb-width-small:100%;--awb-order-small:0;--awb-spacing-right-small:1.92%;--awb-spacing-left-small:1.92%;\" data-scroll-devices=\"small-visibility,medium-visibility,large-visibility\"><div class=\"fusion-column-wrapper fusion-column-has-shadow fusion-flex-justify-content-flex-start fusion-content-layout-column\"><form action=\"https:\/\/webto.salesforce.com\/servlet\/servlet.WebToCase?encoding=UTF-8&orgId=00D24000000Hknm\" method=\"POST\"  data-js=\"validate-captcha\" data-action=\"webtocase\" id=\"form_salesforce\" class=\"formdemandedemo\">\n\n<input type=hidden name=\"orgid\" value=\"00D24000000Hknm\">\n<input type=hidden name=\"retURL\" value=\"https:\/\/www.staffsante.fr\/espace-recruteurs\/demande-de-support-envoyee\/\">\n\n<label for=\"name\">Nom du contact<\/label><input  id=\"name\" maxlength=\"80\" name=\"name\" size=\"20\" type=\"text\" \/><br>\n\n<label for=\"email\">E-mail<\/label><input  id=\"email\" maxlength=\"80\" name=\"email\" size=\"20\" type=\"text\" \/><br>\n\n<label for=\"phone\">T\u00e9l\u00e9phone<\/label><input  id=\"phone\" maxlength=\"40\" name=\"phone\" size=\"20\" type=\"text\" \/><br>\n\n<input style=\"display:none\" id=\"subject\" maxlength=\"80\" name=\"subject\" size=\"20\" type=\"text\" value=\"Support site recruteurs\" \/><br>\n\n<label for=\"description\">Description<\/label><textarea name=\"description\"><\/textarea><br>\n\n<select style=\"display:none\" id=\"00N1o00000JbfPF\" name=\"00N1o00000JbfPF\" title=\"HCaseOrigine\">\n<option style=\"display:none\" value=\"StaffSante\">StaffSante<\/option>\n<\/select><br>\n\n<input type=\"hidden\"  id=\"external\" name=\"external\" value=\"1\" \/><br>\n\n<div class=\"frc-captcha\" data-sitekey=\"FCMJB6CBSJJOE2CK\" data-lang=\"fr\"><\/div>\n<div class=\"result\"><\/div><br\/>\n<input type=\"submit\" name=\"submit\">\n\n<\/form><\/div><\/div><\/div><\/div>\n","protected":false},"excerpt":{"rendered":"","protected":false},"author":2,"featured_media":0,"parent":0,"menu_order":0,"comment_status":"closed","ping_status":"closed","template":"100-width.php","meta":{"footnotes":""},"class_list":["post-1396","page","type-page","status-publish","hentry"],"yoast_head":"<!-- This site is optimized with the Yoast SEO plugin v27.3 - https:\/\/yoast.com\/product\/yoast-seo-wordpress\/ -->\n<title>Demande de support - Staffsant\u00e9 Recruteurs<\/title>\n<meta name=\"description\" content=\"Vous avez des questions pour r\u00e9diger ou mettre en ligne vos offres ? Contactez notre \u00e9quipe support rapidement.\" \/>\n<meta name=\"robots\" content=\"index, follow, max-snippet:-1, max-image-preview:large, max-video-preview:-1\" \/>\n<link rel=\"canonical\" href=\"https:\/\/www.staffsante.fr\/espace-recruteurs\/demande-de-support\/\" \/>\n<script type=\"application\/ld+json\" class=\"yoast-schema-graph\">{\"@context\":\"https:\\\/\\\/schema.org\",\"@graph\":[{\"@type\":\"WebPage\",\"@id\":\"https:\\\/\\\/www.staffsante.fr\\\/espace-recruteurs\\\/demande-de-support\\\/\",\"url\":\"https:\\\/\\\/www.staffsante.fr\\\/espace-recruteurs\\\/demande-de-support\\\/\",\"name\":\"Demande de support - Staffsant\u00e9 Recruteurs\",\"isPartOf\":{\"@id\":\"https:\\\/\\\/www.staffsante.fr\\\/espace-recruteurs\\\/#website\"},\"datePublished\":\"2025-11-10T14:11:17+00:00\",\"dateModified\":\"2025-12-15T10:23:17+00:00\",\"description\":\"Vous avez des questions pour r\u00e9diger ou mettre en ligne vos offres ? Contactez notre \u00e9quipe support rapidement.\",\"breadcrumb\":{\"@id\":\"https:\\\/\\\/www.staffsante.fr\\\/espace-recruteurs\\\/demande-de-support\\\/#breadcrumb\"},\"inLanguage\":\"fr-FR\",\"potentialAction\":[{\"@type\":\"ReadAction\",\"target\":[\"https:\\\/\\\/www.staffsante.fr\\\/espace-recruteurs\\\/demande-de-support\\\/\"]}]},{\"@type\":\"BreadcrumbList\",\"@id\":\"https:\\\/\\\/www.staffsante.fr\\\/espace-recruteurs\\\/demande-de-support\\\/#breadcrumb\",\"itemListElement\":[{\"@type\":\"ListItem\",\"position\":1,\"name\":\"Accueil\",\"item\":\"https:\\\/\\\/www.staffsante.fr\\\/espace-recruteurs\\\/\"},{\"@type\":\"ListItem\",\"position\":2,\"name\":\"Demande de support\"}]},{\"@type\":\"WebSite\",\"@id\":\"https:\\\/\\\/www.staffsante.fr\\\/espace-recruteurs\\\/#website\",\"url\":\"https:\\\/\\\/www.staffsante.fr\\\/espace-recruteurs\\\/\",\"name\":\"Staffsant\u00e9 Recruteurs\",\"description\":\"\",\"publisher\":{\"@id\":\"https:\\\/\\\/www.staffsante.fr\\\/espace-recruteurs\\\/#organization\"},\"potentialAction\":[{\"@type\":\"SearchAction\",\"target\":{\"@type\":\"EntryPoint\",\"urlTemplate\":\"https:\\\/\\\/www.staffsante.fr\\\/espace-recruteurs\\\/?s={search_term_string}\"},\"query-input\":{\"@type\":\"PropertyValueSpecification\",\"valueRequired\":true,\"valueName\":\"search_term_string\"}}],\"inLanguage\":\"fr-FR\"},{\"@type\":\"Organization\",\"@id\":\"https:\\\/\\\/www.staffsante.fr\\\/espace-recruteurs\\\/#organization\",\"name\":\"Staffsant\u00e9 Recruteurs\",\"url\":\"https:\\\/\\\/www.staffsante.fr\\\/espace-recruteurs\\\/\",\"logo\":{\"@type\":\"ImageObject\",\"inLanguage\":\"fr-FR\",\"@id\":\"https:\\\/\\\/www.staffsante.fr\\\/espace-recruteurs\\\/#\\\/schema\\\/logo\\\/image\\\/\",\"url\":\"https:\\\/\\\/www.staffsante.fr\\\/espace-recruteurs\\\/wp-content\\\/uploads\\\/2025\\\/07\\\/logo-hospimedia.webp\",\"contentUrl\":\"https:\\\/\\\/www.staffsante.fr\\\/espace-recruteurs\\\/wp-content\\\/uploads\\\/2025\\\/07\\\/logo-hospimedia.webp\",\"width\":208,\"height\":53,\"caption\":\"Staffsant\u00e9 Recruteurs\"},\"image\":{\"@id\":\"https:\\\/\\\/www.staffsante.fr\\\/espace-recruteurs\\\/#\\\/schema\\\/logo\\\/image\\\/\"}}]}<\/script>\n<!-- \/ Yoast SEO plugin. -->","yoast_head_json":{"title":"Demande de support - Staffsant\u00e9 Recruteurs","description":"Vous avez des questions pour r\u00e9diger ou mettre en ligne vos offres ? Contactez notre \u00e9quipe support rapidement.","robots":{"index":"index","follow":"follow","max-snippet":"max-snippet:-1","max-image-preview":"max-image-preview:large","max-video-preview":"max-video-preview:-1"},"canonical":"https:\/\/www.staffsante.fr\/espace-recruteurs\/demande-de-support\/","schema":{"@context":"https:\/\/schema.org","@graph":[{"@type":"WebPage","@id":"https:\/\/www.staffsante.fr\/espace-recruteurs\/demande-de-support\/","url":"https:\/\/www.staffsante.fr\/espace-recruteurs\/demande-de-support\/","name":"Demande de support - Staffsant\u00e9 Recruteurs","isPartOf":{"@id":"https:\/\/www.staffsante.fr\/espace-recruteurs\/#website"},"datePublished":"2025-11-10T14:11:17+00:00","dateModified":"2025-12-15T10:23:17+00:00","description":"Vous avez des questions pour r\u00e9diger ou mettre en ligne vos offres ? Contactez notre \u00e9quipe support rapidement.","breadcrumb":{"@id":"https:\/\/www.staffsante.fr\/espace-recruteurs\/demande-de-support\/#breadcrumb"},"inLanguage":"fr-FR","potentialAction":[{"@type":"ReadAction","target":["https:\/\/www.staffsante.fr\/espace-recruteurs\/demande-de-support\/"]}]},{"@type":"BreadcrumbList","@id":"https:\/\/www.staffsante.fr\/espace-recruteurs\/demande-de-support\/#breadcrumb","itemListElement":[{"@type":"ListItem","position":1,"name":"Accueil","item":"https:\/\/www.staffsante.fr\/espace-recruteurs\/"},{"@type":"ListItem","position":2,"name":"Demande de support"}]},{"@type":"WebSite","@id":"https:\/\/www.staffsante.fr\/espace-recruteurs\/#website","url":"https:\/\/www.staffsante.fr\/espace-recruteurs\/","name":"Staffsant\u00e9 Recruteurs","description":"","publisher":{"@id":"https:\/\/www.staffsante.fr\/espace-recruteurs\/#organization"},"potentialAction":[{"@type":"SearchAction","target":{"@type":"EntryPoint","urlTemplate":"https:\/\/www.staffsante.fr\/espace-recruteurs\/?s={search_term_string}"},"query-input":{"@type":"PropertyValueSpecification","valueRequired":true,"valueName":"search_term_string"}}],"inLanguage":"fr-FR"},{"@type":"Organization","@id":"https:\/\/www.staffsante.fr\/espace-recruteurs\/#organization","name":"Staffsant\u00e9 Recruteurs","url":"https:\/\/www.staffsante.fr\/espace-recruteurs\/","logo":{"@type":"ImageObject","inLanguage":"fr-FR","@id":"https:\/\/www.staffsante.fr\/espace-recruteurs\/#\/schema\/logo\/image\/","url":"https:\/\/www.staffsante.fr\/espace-recruteurs\/wp-content\/uploads\/2025\/07\/logo-hospimedia.webp","contentUrl":"https:\/\/www.staffsante.fr\/espace-recruteurs\/wp-content\/uploads\/2025\/07\/logo-hospimedia.webp","width":208,"height":53,"caption":"Staffsant\u00e9 Recruteurs"},"image":{"@id":"https:\/\/www.staffsante.fr\/espace-recruteurs\/#\/schema\/logo\/image\/"}}]}},"_links":{"self":[{"href":"https:\/\/www.staffsante.fr\/espace-recruteurs\/wp-json\/wp\/v2\/pages\/1396","targetHints":{"allow":["GET"]}}],"collection":[{"href":"https:\/\/www.staffsante.fr\/espace-recruteurs\/wp-json\/wp\/v2\/pages"}],"about":[{"href":"https:\/\/www.staffsante.fr\/espace-recruteurs\/wp-json\/wp\/v2\/types\/page"}],"author":[{"embeddable":true,"href":"https:\/\/www.staffsante.fr\/espace-recruteurs\/wp-json\/wp\/v2\/users\/2"}],"replies":[{"embeddable":true,"href":"https:\/\/www.staffsante.fr\/espace-recruteurs\/wp-json\/wp\/v2\/comments?post=1396"}],"version-history":[{"count":0,"href":"https:\/\/www.staffsante.fr\/espace-recruteurs\/wp-json\/wp\/v2\/pages\/1396\/revisions"}],"wp:attachment":[{"href":"https:\/\/www.staffsante.fr\/espace-recruteurs\/wp-json\/wp\/v2\/media?parent=1396"}],"curies":[{"name":"wp","href":"https:\/\/api.w.org\/{rel}","templated":true}]}}