{"id":1456,"date":"2025-11-13T11:26:18","date_gmt":"2025-11-13T11:26:18","guid":{"rendered":"https:\/\/recruiter.staffsante.fr\/?page_id=1456"},"modified":"2025-11-14T11:28:56","modified_gmt":"2025-11-14T11:28:56","slug":"telecharger-le-guide-du-recruteur-2025","status":"publish","type":"page","link":"https:\/\/www.staffsante.fr\/espace-recruteurs\/telecharger-le-guide-du-recruteur-2025\/","title":{"rendered":"T\u00e9l\u00e9charger le guide du recruteur 2025"},"content":{"rendered":"<div class=\"fusion-fullwidth fullwidth-box fusion-builder-row-1 fusion-flex-container nonhundred-percent-fullwidth non-hundred-percent-height-scrolling\" style=\"--awb-border-radius-top-left:0px;--awb-border-radius-top-right:0px;--awb-border-radius-bottom-right:0px;--awb-border-radius-bottom-left:0px;--awb-flex-wrap:wrap;\" ><div class=\"fusion-builder-row fusion-row fusion-flex-align-items-flex-start fusion-flex-content-wrap\" style=\"max-width:1320.8px;margin-left: calc(-4% \/ 2 );margin-right: calc(-4% \/ 2 );\"><div class=\"fusion-layout-column fusion_builder_column fusion-builder-column-0 fusion_builder_column_1_1 1_1 fusion-flex-column\" style=\"--awb-bg-size:cover;--awb-width-large:100%;--awb-margin-top-large:0px;--awb-spacing-right-large:1.92%;--awb-margin-bottom-large:0px;--awb-spacing-left-large:1.92%;--awb-width-medium:100%;--awb-spacing-right-medium:1.92%;--awb-spacing-left-medium:1.92%;--awb-width-small:100%;--awb-spacing-right-small:1.92%;--awb-spacing-left-small:1.92%;\"><div class=\"fusion-column-wrapper fusion-flex-justify-content-flex-start fusion-content-layout-column\"><div class=\"fusion-title title fusion-title-1 fusion-sep-none fusion-title-text fusion-title-size-two\" style=\"--awb-margin-top-small:10px;--awb-margin-right-small:0px;--awb-margin-bottom-small:10px;--awb-margin-left-small:0px;\"><h2 class=\"fusion-title-heading title-heading-left fusion-responsive-typography-calculated\" style=\"margin:0;--fontSize:42;line-height:var(--awb-typography1-line-height);\"><h2 style=\"color: #252525; text-align: left;\">Recevoir le guide du recruteur<\/h2><\/h2><\/div><\/div><\/div><div class=\"fusion-layout-column fusion_builder_column fusion-builder-column-1 fusion_builder_column_1_2 1_2 fusion-flex-column\" style=\"--awb-bg-size:cover;--awb-width-large:50%;--awb-margin-top-large:0px;--awb-spacing-right-large:3.84%;--awb-margin-bottom-large:20px;--awb-spacing-left-large:3.84%;--awb-width-medium:50%;--awb-order-medium:0;--awb-spacing-right-medium:3.84%;--awb-spacing-left-medium:3.84%;--awb-width-small:100%;--awb-order-small:0;--awb-spacing-right-small:1.92%;--awb-spacing-left-small:1.92%;\"><div class=\"fusion-column-wrapper fusion-column-has-shadow fusion-flex-justify-content-flex-start fusion-content-layout-column\"><div class=\"fusion-image-element \" style=\"--awb-caption-title-font-family:var(--h2_typography-font-family);--awb-caption-title-font-weight:var(--h2_typography-font-weight);--awb-caption-title-font-style:var(--h2_typography-font-style);--awb-caption-title-size:var(--h2_typography-font-size);--awb-caption-title-transform:var(--h2_typography-text-transform);--awb-caption-title-line-height:var(--h2_typography-line-height);--awb-caption-title-letter-spacing:var(--h2_typography-letter-spacing);\"><span class=\" fusion-imageframe imageframe-none imageframe-1 hover-type-none\"><img decoding=\"async\" width=\"545\" height=\"345\" alt=\"guide du recruteur - staffsant\u00e9\" title=\"guide du recruteur &#8211; staffsant\u00e9\" src=\"https:\/\/www.staffsante.fr\/espace-recruteurs\/wp-content\/uploads\/2025\/11\/image-3-pour-mise-en-avant-dun-articleguide.png\" class=\"img-responsive wp-image-1336\" srcset=\"https:\/\/www.staffsante.fr\/espace-recruteurs\/wp-content\/uploads\/2025\/11\/image-3-pour-mise-en-avant-dun-articleguide-200x127.png 200w, https:\/\/www.staffsante.fr\/espace-recruteurs\/wp-content\/uploads\/2025\/11\/image-3-pour-mise-en-avant-dun-articleguide-400x253.png 400w, https:\/\/www.staffsante.fr\/espace-recruteurs\/wp-content\/uploads\/2025\/11\/image-3-pour-mise-en-avant-dun-articleguide.png 545w\" sizes=\"(max-width: 640px) 100vw, 545px\" \/><\/span><\/div><\/div><\/div><div class=\"fusion-layout-column fusion_builder_column fusion-builder-column-2 fusion_builder_column_1_2 1_2 fusion-flex-column\" style=\"--awb-bg-size:cover;--awb-width-large:50%;--awb-margin-top-large:0px;--awb-spacing-right-large:3.84%;--awb-margin-bottom-large:20px;--awb-spacing-left-large:3.84%;--awb-width-medium:50%;--awb-order-medium:0;--awb-spacing-right-medium:3.84%;--awb-spacing-left-medium:3.84%;--awb-width-small:100%;--awb-order-small:0;--awb-spacing-right-small:1.92%;--awb-spacing-left-small:1.92%;\"><div class=\"fusion-column-wrapper fusion-column-has-shadow fusion-flex-justify-content-flex-start fusion-content-layout-column\"><div class=\"fusion-text fusion-text-1\"><p>Recruteurs en sant\u00e9 : pr\u00eat(e) \u00e0 passer \u00e0 la vitesse sup\u00e9rieure dans vos recrutements ?<\/p>\n<p>Ce guide pratique vous livre des actions concr\u00e8tes qui ont d\u00e9j\u00e0 fait leurs preuves dans des \u00e9tablissements comme le v\u00f4tre.<br \/>Conseils, checklist, t\u00e9moignages, exemples d\u2019actions. T\u00e9l\u00e9chargez-le gratuitement et boostez votre prochaine campagne de recrutement !<\/p>\n<\/div><\/div><\/div><div class=\"fusion-layout-column fusion_builder_column fusion-builder-column-3 fusion_builder_column_1_1 1_1 fusion-flex-column\" style=\"--awb-bg-size:cover;--awb-width-large:100%;--awb-margin-top-large:0px;--awb-spacing-right-large:1.92%;--awb-margin-bottom-large:20px;--awb-spacing-left-large:1.92%;--awb-width-medium:100%;--awb-order-medium:0;--awb-spacing-right-medium:1.92%;--awb-spacing-left-medium:1.92%;--awb-width-small:100%;--awb-order-small:0;--awb-spacing-right-small:1.92%;--awb-spacing-left-small:1.92%;\"><div class=\"fusion-column-wrapper fusion-column-has-shadow fusion-flex-justify-content-flex-start fusion-content-layout-column\"><div class=\"fusion-text fusion-text-2\"><p><em>Tous les champs sont obligatoires<\/em><\/p>\n<\/div><form id=\"form_salesforce\" class=\"formdemandedemo\" action=\"https:\/\/webto.salesforce.com\/servlet\/servlet.WebToLead?encoding=UTF-8&orgId=00D24000000Hknm\" method=\"POST\" data-js=\"validate-captcha\" data-action=\"webtolead\">\n<input name=\"oid\" type=\"hidden\" value=\"00D24000000Hknm\" \/>\n<input name=\"retURL\" type=\"hidden\" value=\"https:\/\/recruteurs.digitalcorner.me\/confirmation-telechargement-du-guide-du-recruteur-2025\/\" \/>\n\n<label for=\"company\">Structure*<\/label><input id=\"company\" maxlength=\"40\" name=\"company\" required=\"\" size=\"20\" type=\"text\" \/>\n\n<label for=\"first_name\">Pr\u00e9nom*<\/label><input id=\"first_name\" maxlength=\"40\" name=\"first_name\" required=\"\" size=\"20\" type=\"text\" \/>\n\n<label for=\"last_name\">Nom*<\/label><input id=\"last_name\" maxlength=\"80\" name=\"last_name\" required=\"\" size=\"20\" type=\"text\" \/>\n\n<label for=\"title\">Fonction*<\/label><input id=\"title\" maxlength=\"40\" name=\"title\" required=\"\" size=\"20\" type=\"text\" \/>\n\n<label for=\"email\">Adresse e-mail*<\/label><input id=\"email\" maxlength=\"80\" name=\"email\" required=\"\" size=\"20\" type=\"text\" \/>\n\n<label for=\"phone\">T\u00e9l\u00e9phone*<\/label><input id=\"phone\" maxlength=\"40\" name=\"phone\" required=\"\" size=\"20\" type=\"text\" \/>\n\n<select id=\"lead_source\" style=\"display: none;\" name=\"lead_source\">\n<option value=\"Staffsant\u00e9\">Staffsant\u00e9 - site recruteur<\/option>\n<\/select>\n\n<textarea id=\"00N2400000HovgM\" style=\"display: none;\" name=\"00N2400000HovgM\">Guide du recruteur<\/textarea>\n\n<input id=\"00N2400000JC9Yw\" style=\"display: none;\" maxlength=\"255\" name=\"00N2400000JC9Yw\" size=\"20\" type=\"text\" value=\"https:\/\/www.staffsante.fr\/espace-recruteurs\/telecharger-le-guide-du-recruteur-2025\/\" \/>\n<input id=\"choice_1_11_1\" name=\"input_11.1\" type=\"checkbox\" value=\"j\\'accepte que les informations saisies soient exploit\u00e9es dans le cadre de la question juridique et de la relation commerciale qui peut en d\u00e9couler\" \/>\n<p class=\"rgpd\">J'accepte que les informations saisies soient exploit\u00e9es dans le cadre de la relation commerciale qui peut en d\u00e9couler<\/p>\n\n<div class=\"frc-captcha\" data-sitekey=\"FCMJB6CBSJJOE2CK\" data-lang=\"fr\"><\/div>\n<div class=\"result\"><\/div>\n<input name=\"submit\" type=\"submit\" \/>\n\n<\/form><\/div><\/div><\/div><\/div>\n","protected":false},"excerpt":{"rendered":"","protected":false},"author":2,"featured_media":0,"parent":0,"menu_order":0,"comment_status":"closed","ping_status":"closed","template":"100-width.php","meta":{"footnotes":""},"class_list":["post-1456","page","type-page","status-publish","hentry"],"yoast_head":"<!-- This site is optimized with the Yoast SEO plugin v27.3 - https:\/\/yoast.com\/product\/yoast-seo-wordpress\/ -->\n<title>T\u00e9l\u00e9charger le guide du recruteur 2025 - Staffsant\u00e9 Recruteurs<\/title>\n<meta name=\"description\" content=\"Retrouvez notre guide essentiel pour relever les d\u00e9fis RH, d\u00e9velopper votre marque employeur et optimiser vos processus de recrutement.\" \/>\n<meta name=\"robots\" content=\"index, follow, max-snippet:-1, max-image-preview:large, max-video-preview:-1\" \/>\n<link rel=\"canonical\" href=\"https:\/\/www.staffsante.fr\/espace-recruteurs\/telecharger-le-guide-du-recruteur-2025\/\" \/>\n<script type=\"application\/ld+json\" class=\"yoast-schema-graph\">{\"@context\":\"https:\\\/\\\/schema.org\",\"@graph\":[{\"@type\":\"WebPage\",\"@id\":\"https:\\\/\\\/www.staffsante.fr\\\/espace-recruteurs\\\/telecharger-le-guide-du-recruteur-2025\\\/\",\"url\":\"https:\\\/\\\/www.staffsante.fr\\\/espace-recruteurs\\\/telecharger-le-guide-du-recruteur-2025\\\/\",\"name\":\"T\u00e9l\u00e9charger le guide du recruteur 2025 - Staffsant\u00e9 Recruteurs\",\"isPartOf\":{\"@id\":\"https:\\\/\\\/www.staffsante.fr\\\/espace-recruteurs\\\/#website\"},\"datePublished\":\"2025-11-13T11:26:18+00:00\",\"dateModified\":\"2025-11-14T11:28:56+00:00\",\"description\":\"Retrouvez notre guide essentiel pour relever les d\u00e9fis RH, d\u00e9velopper votre marque employeur et optimiser vos processus de recrutement.\",\"breadcrumb\":{\"@id\":\"https:\\\/\\\/www.staffsante.fr\\\/espace-recruteurs\\\/telecharger-le-guide-du-recruteur-2025\\\/#breadcrumb\"},\"inLanguage\":\"fr-FR\",\"potentialAction\":[{\"@type\":\"ReadAction\",\"target\":[\"https:\\\/\\\/www.staffsante.fr\\\/espace-recruteurs\\\/telecharger-le-guide-du-recruteur-2025\\\/\"]}]},{\"@type\":\"BreadcrumbList\",\"@id\":\"https:\\\/\\\/www.staffsante.fr\\\/espace-recruteurs\\\/telecharger-le-guide-du-recruteur-2025\\\/#breadcrumb\",\"itemListElement\":[{\"@type\":\"ListItem\",\"position\":1,\"name\":\"Accueil\",\"item\":\"https:\\\/\\\/www.staffsante.fr\\\/espace-recruteurs\\\/\"},{\"@type\":\"ListItem\",\"position\":2,\"name\":\"T\u00e9l\u00e9charger le guide du recruteur 2025\"}]},{\"@type\":\"WebSite\",\"@id\":\"https:\\\/\\\/www.staffsante.fr\\\/espace-recruteurs\\\/#website\",\"url\":\"https:\\\/\\\/www.staffsante.fr\\\/espace-recruteurs\\\/\",\"name\":\"Staffsant\u00e9 Recruteurs\",\"description\":\"\",\"publisher\":{\"@id\":\"https:\\\/\\\/www.staffsante.fr\\\/espace-recruteurs\\\/#organization\"},\"potentialAction\":[{\"@type\":\"SearchAction\",\"target\":{\"@type\":\"EntryPoint\",\"urlTemplate\":\"https:\\\/\\\/www.staffsante.fr\\\/espace-recruteurs\\\/?s={search_term_string}\"},\"query-input\":{\"@type\":\"PropertyValueSpecification\",\"valueRequired\":true,\"valueName\":\"search_term_string\"}}],\"inLanguage\":\"fr-FR\"},{\"@type\":\"Organization\",\"@id\":\"https:\\\/\\\/www.staffsante.fr\\\/espace-recruteurs\\\/#organization\",\"name\":\"Staffsant\u00e9 Recruteurs\",\"url\":\"https:\\\/\\\/www.staffsante.fr\\\/espace-recruteurs\\\/\",\"logo\":{\"@type\":\"ImageObject\",\"inLanguage\":\"fr-FR\",\"@id\":\"https:\\\/\\\/www.staffsante.fr\\\/espace-recruteurs\\\/#\\\/schema\\\/logo\\\/image\\\/\",\"url\":\"https:\\\/\\\/www.staffsante.fr\\\/espace-recruteurs\\\/wp-content\\\/uploads\\\/2025\\\/07\\\/logo-hospimedia.webp\",\"contentUrl\":\"https:\\\/\\\/www.staffsante.fr\\\/espace-recruteurs\\\/wp-content\\\/uploads\\\/2025\\\/07\\\/logo-hospimedia.webp\",\"width\":208,\"height\":53,\"caption\":\"Staffsant\u00e9 Recruteurs\"},\"image\":{\"@id\":\"https:\\\/\\\/www.staffsante.fr\\\/espace-recruteurs\\\/#\\\/schema\\\/logo\\\/image\\\/\"}}]}<\/script>\n<!-- \/ Yoast SEO plugin. -->","yoast_head_json":{"title":"T\u00e9l\u00e9charger le guide du recruteur 2025 - Staffsant\u00e9 Recruteurs","description":"Retrouvez notre guide essentiel pour relever les d\u00e9fis RH, d\u00e9velopper votre marque employeur et optimiser vos processus de recrutement.","robots":{"index":"index","follow":"follow","max-snippet":"max-snippet:-1","max-image-preview":"max-image-preview:large","max-video-preview":"max-video-preview:-1"},"canonical":"https:\/\/www.staffsante.fr\/espace-recruteurs\/telecharger-le-guide-du-recruteur-2025\/","schema":{"@context":"https:\/\/schema.org","@graph":[{"@type":"WebPage","@id":"https:\/\/www.staffsante.fr\/espace-recruteurs\/telecharger-le-guide-du-recruteur-2025\/","url":"https:\/\/www.staffsante.fr\/espace-recruteurs\/telecharger-le-guide-du-recruteur-2025\/","name":"T\u00e9l\u00e9charger le guide du recruteur 2025 - Staffsant\u00e9 Recruteurs","isPartOf":{"@id":"https:\/\/www.staffsante.fr\/espace-recruteurs\/#website"},"datePublished":"2025-11-13T11:26:18+00:00","dateModified":"2025-11-14T11:28:56+00:00","description":"Retrouvez notre guide essentiel pour relever les d\u00e9fis RH, d\u00e9velopper votre marque employeur et optimiser vos processus de recrutement.","breadcrumb":{"@id":"https:\/\/www.staffsante.fr\/espace-recruteurs\/telecharger-le-guide-du-recruteur-2025\/#breadcrumb"},"inLanguage":"fr-FR","potentialAction":[{"@type":"ReadAction","target":["https:\/\/www.staffsante.fr\/espace-recruteurs\/telecharger-le-guide-du-recruteur-2025\/"]}]},{"@type":"BreadcrumbList","@id":"https:\/\/www.staffsante.fr\/espace-recruteurs\/telecharger-le-guide-du-recruteur-2025\/#breadcrumb","itemListElement":[{"@type":"ListItem","position":1,"name":"Accueil","item":"https:\/\/www.staffsante.fr\/espace-recruteurs\/"},{"@type":"ListItem","position":2,"name":"T\u00e9l\u00e9charger le guide du recruteur 2025"}]},{"@type":"WebSite","@id":"https:\/\/www.staffsante.fr\/espace-recruteurs\/#website","url":"https:\/\/www.staffsante.fr\/espace-recruteurs\/","name":"Staffsant\u00e9 Recruteurs","description":"","publisher":{"@id":"https:\/\/www.staffsante.fr\/espace-recruteurs\/#organization"},"potentialAction":[{"@type":"SearchAction","target":{"@type":"EntryPoint","urlTemplate":"https:\/\/www.staffsante.fr\/espace-recruteurs\/?s={search_term_string}"},"query-input":{"@type":"PropertyValueSpecification","valueRequired":true,"valueName":"search_term_string"}}],"inLanguage":"fr-FR"},{"@type":"Organization","@id":"https:\/\/www.staffsante.fr\/espace-recruteurs\/#organization","name":"Staffsant\u00e9 Recruteurs","url":"https:\/\/www.staffsante.fr\/espace-recruteurs\/","logo":{"@type":"ImageObject","inLanguage":"fr-FR","@id":"https:\/\/www.staffsante.fr\/espace-recruteurs\/#\/schema\/logo\/image\/","url":"https:\/\/www.staffsante.fr\/espace-recruteurs\/wp-content\/uploads\/2025\/07\/logo-hospimedia.webp","contentUrl":"https:\/\/www.staffsante.fr\/espace-recruteurs\/wp-content\/uploads\/2025\/07\/logo-hospimedia.webp","width":208,"height":53,"caption":"Staffsant\u00e9 Recruteurs"},"image":{"@id":"https:\/\/www.staffsante.fr\/espace-recruteurs\/#\/schema\/logo\/image\/"}}]}},"_links":{"self":[{"href":"https:\/\/www.staffsante.fr\/espace-recruteurs\/wp-json\/wp\/v2\/pages\/1456","targetHints":{"allow":["GET"]}}],"collection":[{"href":"https:\/\/www.staffsante.fr\/espace-recruteurs\/wp-json\/wp\/v2\/pages"}],"about":[{"href":"https:\/\/www.staffsante.fr\/espace-recruteurs\/wp-json\/wp\/v2\/types\/page"}],"author":[{"embeddable":true,"href":"https:\/\/www.staffsante.fr\/espace-recruteurs\/wp-json\/wp\/v2\/users\/2"}],"replies":[{"embeddable":true,"href":"https:\/\/www.staffsante.fr\/espace-recruteurs\/wp-json\/wp\/v2\/comments?post=1456"}],"version-history":[{"count":0,"href":"https:\/\/www.staffsante.fr\/espace-recruteurs\/wp-json\/wp\/v2\/pages\/1456\/revisions"}],"wp:attachment":[{"href":"https:\/\/www.staffsante.fr\/espace-recruteurs\/wp-json\/wp\/v2\/media?parent=1456"}],"curies":[{"name":"wp","href":"https:\/\/api.w.org\/{rel}","templated":true}]}}